{"id":521,"date":"2024-07-23T16:58:53","date_gmt":"2024-07-23T14:58:53","guid":{"rendered":"https:\/\/www.alugar96.com\/?page_id=521"},"modified":"2024-07-23T17:44:24","modified_gmt":"2024-07-23T15:44:24","slug":"home","status":"publish","type":"page","link":"https:\/\/www.alugar96.com\/","title":{"rendered":"Home"},"content":{"rendered":"\n<p>Empresa familiar fundada hace m\u00e1s de 30 a\u00f1os en&nbsp;<strong>Premi\u00e0 de Mar<\/strong>, Barcelona. En Alugar96 SL trabajamos tanto a nivel particular como para empresas tratando al cliente con toda la profesionalidad que nos avalan los a\u00f1os dedicados a la&nbsp;<strong>carpinter\u00eda de aluminio<\/strong>.<\/p>\n\n\n\n<p>Ofrecemos un buen servicio, tanto en fabricaci\u00f3n como en montaje, ya que instalamos nuestros productos y cuidamos hasta el \u00faltimo detalle.<\/p>\n\n\n\n<p>Trabajamos con las mejores marcas para ofrecerle la mayor calidad posible:<\/p>\n\n\n\n<figure class=\"wp-block-gallery has-nested-images columns-7 is-cropped wp-block-gallery-1 is-layout-flex wp-block-gallery-is-layout-flex\">\n<figure class=\"wp-block-image size-large\"><a href=\"https:\/\/www.alugar96.com\/wp-content\/uploads\/14271.gif\"><img loading=\"lazy\" decoding=\"async\" width=\"170\" height=\"37\" data-id=\"383\" src=\"https:\/\/www.alugar96.com\/wp-content\/uploads\/14271.gif\" alt=\"\" class=\"wp-image-383\"\/><\/a><\/figure>\n\n\n\n<figure class=\"wp-block-image size-large\"><a href=\"https:\/\/www.alugar96.com\/wp-content\/uploads\/1349175294_64_Logo-IA-solo1.jpg\"><img loading=\"lazy\" decoding=\"async\" width=\"80\" height=\"80\" data-id=\"382\" src=\"https:\/\/www.alugar96.com\/wp-content\/uploads\/1349175294_64_Logo-IA-solo1.jpg\" alt=\"\" class=\"wp-image-382\"\/><\/a><\/figure>\n\n\n\n<figure class=\"wp-block-image size-large\"><a href=\"https:\/\/www.alugar96.com\/wp-content\/uploads\/8000-somfy-logo.gif\"><img loading=\"lazy\" decoding=\"async\" width=\"140\" height=\"57\" data-id=\"378\" src=\"https:\/\/www.alugar96.com\/wp-content\/uploads\/8000-somfy-logo.gif\" alt=\"\" class=\"wp-image-378\"\/><\/a><\/figure>\n\n\n\n<figure class=\"wp-block-image size-large\"><a href=\"https:\/\/www.alugar96.com\/wp-content\/uploads\/logo-Giesse-WinCE1.jpg\"><img loading=\"lazy\" decoding=\"async\" width=\"130\" height=\"28\" data-id=\"373\" src=\"https:\/\/www.alugar96.com\/wp-content\/uploads\/logo-Giesse-WinCE1.jpg\" alt=\"\" class=\"wp-image-373\"\/><\/a><\/figure>\n\n\n\n<figure class=\"wp-block-image size-large\"><a href=\"https:\/\/www.alugar96.com\/wp-content\/uploads\/aalco_logo-large-resized-150.jpg\"><img loading=\"lazy\" decoding=\"async\" width=\"143\" height=\"42\" data-id=\"387\" src=\"https:\/\/www.alugar96.com\/wp-content\/uploads\/aalco_logo-large-resized-150.jpg\" alt=\"\" class=\"wp-image-387\"\/><\/a><\/figure>\n\n\n\n<figure class=\"wp-block-image size-large\"><a href=\"https:\/\/www.alugar96.com\/wp-content\/uploads\/aislaglas_logo.jpg\"><img loading=\"lazy\" decoding=\"async\" width=\"150\" height=\"64\" data-id=\"389\" src=\"https:\/\/www.alugar96.com\/wp-content\/uploads\/aislaglas_logo.jpg\" alt=\"\" class=\"wp-image-389\"\/><\/a><\/figure>\n\n\n\n<figure class=\"wp-block-image size-large\"><a href=\"https:\/\/www.alugar96.com\/wp-content\/uploads\/CABEZERA.jpg\"><img loading=\"lazy\" decoding=\"async\" width=\"155\" height=\"49\" data-id=\"391\" src=\"https:\/\/www.alugar96.com\/wp-content\/uploads\/CABEZERA.jpg\" alt=\"\" class=\"wp-image-391\"\/><\/a><\/figure>\n\n\n\n<figure class=\"wp-block-image size-large\"><a href=\"https:\/\/www.alugar96.com\/wp-content\/uploads\/climalit_logo.jpg\"><img loading=\"lazy\" decoding=\"async\" width=\"120\" height=\"91\" data-id=\"394\" src=\"https:\/\/www.alugar96.com\/wp-content\/uploads\/climalit_logo.jpg\" alt=\"\" class=\"wp-image-394\"\/><\/a><\/figure>\n\n\n\n<figure class=\"wp-block-image size-large\"><a href=\"https:\/\/www.alugar96.com\/wp-content\/uploads\/images-1.jpeg\"><img loading=\"lazy\" decoding=\"async\" width=\"150\" height=\"64\" data-id=\"395\" src=\"https:\/\/www.alugar96.com\/wp-content\/uploads\/images-1.jpeg\" alt=\"\" class=\"wp-image-395\"\/><\/a><\/figure>\n\n\n\n<figure class=\"wp-block-image size-large\"><a href=\"https:\/\/www.alugar96.com\/wp-content\/uploads\/image_preview.jpeg\"><img loading=\"lazy\" decoding=\"async\" width=\"160\" height=\"56\" data-id=\"399\" src=\"https:\/\/www.alugar96.com\/wp-content\/uploads\/image_preview.jpeg\" alt=\"\" class=\"wp-image-399\"\/><\/a><\/figure>\n\n\n\n<figure class=\"wp-block-image size-large\"><a href=\"https:\/\/www.alugar96.com\/wp-content\/uploads\/header.png\"><img loading=\"lazy\" decoding=\"async\" width=\"165\" height=\"51\" data-id=\"401\" src=\"https:\/\/www.alugar96.com\/wp-content\/uploads\/header.png\" alt=\"\" class=\"wp-image-401\"\/><\/a><\/figure>\n\n\n\n<figure class=\"wp-block-image size-large\"><a href=\"https:\/\/www.alugar96.com\/wp-content\/uploads\/Logo1.jpg\"><img loading=\"lazy\" decoding=\"async\" width=\"155\" height=\"44\" data-id=\"404\" src=\"https:\/\/www.alugar96.com\/wp-content\/uploads\/Logo1.jpg\" alt=\"\" class=\"wp-image-404\" srcset=\"https:\/\/www.alugar96.com\/wp-content\/uploads\/Logo1.jpg 155w, https:\/\/www.alugar96.com\/wp-content\/uploads\/Logo1-150x44.jpg 150w\" sizes=\"(max-width: 155px) 100vw, 155px\" \/><\/a><\/figure>\n\n\n\n<figure class=\"wp-block-image size-large\"><a href=\"https:\/\/www.alugar96.com\/wp-content\/uploads\/valenza_logo.jpg\"><img loading=\"lazy\" decoding=\"async\" width=\"140\" height=\"48\" data-id=\"407\" src=\"https:\/\/www.alugar96.com\/wp-content\/uploads\/valenza_logo.jpg\" alt=\"\" class=\"wp-image-407\"\/><\/a><\/figure>\n<\/figure>\n","protected":false},"excerpt":{"rendered":"<p>Empresa familiar fundada hace m\u00e1s de 30 a\u00f1os en&nbsp;Premi\u00e0 de Mar, Barcelona. En Alugar96 SL trabajamos tanto a nivel particular como para empresas tratando al cliente con toda la profesionalidad&hellip;<\/p>\n","protected":false},"author":1,"featured_media":0,"parent":0,"menu_order":0,"comment_status":"closed","ping_status":"closed","template":"page-templates\/frontpage.php","meta":{"footnotes":""},"class_list":["post-521","page","type-page","status-publish","hentry"],"_links":{"self":[{"href":"https:\/\/www.alugar96.com\/index.php?rest_route=\/wp\/v2\/pages\/521"}],"collection":[{"href":"https:\/\/www.alugar96.com\/index.php?rest_route=\/wp\/v2\/pages"}],"about":[{"href":"https:\/\/www.alugar96.com\/index.php?rest_route=\/wp\/v2\/types\/page"}],"author":[{"embeddable":true,"href":"https:\/\/www.alugar96.com\/index.php?rest_route=\/wp\/v2\/users\/1"}],"replies":[{"embeddable":true,"href":"https:\/\/www.alugar96.com\/index.php?rest_route=%2Fwp%2Fv2%2Fcomments&post=521"}],"version-history":[{"count":1,"href":"https:\/\/www.alugar96.com\/index.php?rest_route=\/wp\/v2\/pages\/521\/revisions"}],"predecessor-version":[{"id":545,"href":"https:\/\/www.alugar96.com\/index.php?rest_route=\/wp\/v2\/pages\/521\/revisions\/545"}],"wp:attachment":[{"href":"https:\/\/www.alugar96.com\/index.php?rest_route=%2Fwp%2Fv2%2Fmedia&parent=521"}],"curies":[{"name":"wp","href":"https:\/\/api.w.org\/{rel}","templated":true}]}}